{"id":4380,"date":"2017-03-06T21:38:03","date_gmt":"2017-03-06T21:38:03","guid":{"rendered":"https:\/\/3mango.hu\/blog\/?page_id=4380"},"modified":"2022-11-13T12:35:58","modified_gmt":"2022-11-13T12:35:58","slug":"brosura-befektetesi-tajekoztato-tervezes-kiadvanyszerkesztes-grafikai-tervezes","status":"publish","type":"page","link":"https:\/\/3mango.hu\/blog\/brosura-befektetesi-tajekoztato-tervezes-kiadvanyszerkesztes-grafikai-tervezes\/","title":{"rendered":"Bros\u00fara, befektet\u00e9si t\u00e1j\u00e9koztat\u00f3 tervez\u00e9s &#8211; kiadv\u00e1nyszerkeszt\u00e9s, grafikai tervez\u00e9s"},"content":{"rendered":"<h4><strong>Lapozzatok bele a magazinba!<\/strong><\/h4>\n<p><span style=\"text-decoration: underline;\"><a href=\"https:\/\/3mango.hu\/blog\/ceges-brosura-kiadvanyszerkesztese-kinai-es-magyar-nyelven\/\" target=\"_blank\" rel=\"noopener\">Ezen a linken<\/a><\/span> pedig olvashattok t\u00f6bbet a munka folyamat\u00e1r\u00f3l, a k\u00ednai k\u00e9p\u00edr\u00e1s t\u00f6rdel\u00e9s\u00e9nek neh\u00e9zs\u00e9geir\u0151l. Ugyanis a c\u00e9ges bros\u00fara kiadv\u00e1nytervez\u00e9s\u00e9t k\u00ednai nyelven \u00e9s elk\u00e9sz\u00edtett\u00fck!<\/p>\n<p>[publication_supsystic id=&#8221;432&#8243;]<\/p>\n<p style=\"text-align: center;\"><span class=\"highlight-content\">Sz\u00edvesen megtervezz\u00fck a kreat\u00edv magazinodat, katal\u00f3gusodat, bros\u00far\u00e1dat! <\/span><\/p>\n<div id=\"mvp-comments-button\" style=\"margin-bottom: 30px;\"><a href=\"https:\/\/3mango.hu\/arajanlat\/\" target=\"_blank\" rel=\"noopener\"><span class=\"mvp-comment-but-text\" title=\"Kiadv\u00e1nyszerkeszt\u00e9s - 3 Mang\u00f3 Grafikai szupport\">K\u00e9rj aj\u00e1nlatot..<\/span><\/a><\/div>\n<p><span class=\"via\">via\u00a03 Mang\u00f3<\/span><\/p>\n","protected":false},"excerpt":{"rendered":"<p>Lapozzatok bele a magazinba! Ezen a linken pedig olvashattok t\u00f6bbet a munka folyamat\u00e1r\u00f3l, a k\u00ednai k\u00e9p\u00edr\u00e1s t\u00f6rdel\u00e9s\u00e9nek neh\u00e9zs\u00e9geir\u0151l. Ugyanis a c\u00e9ges bros\u00fara kiadv\u00e1nytervez\u00e9s\u00e9t k\u00ednai nyelven \u00e9s elk\u00e9sz\u00edtett\u00fck! [publication_supsystic id=&#8221;432&#8243;] Sz\u00edvesen megtervezz\u00fck a kreat\u00edv magazinodat, katal\u00f3gusodat, bros\u00far\u00e1dat! K\u00e9rj aj\u00e1nlatot.. via\u00a03 Mang\u00f3<\/p>\n","protected":false},"author":1,"featured_media":0,"parent":0,"menu_order":0,"comment_status":"closed","ping_status":"closed","template":"","meta":{"footnotes":""},"class_list":["post-4380","page","type-page","status-publish","hentry"],"yoast_head":"<!-- This site is optimized with the Yoast SEO plugin v23.0 - https:\/\/yoast.com\/wordpress\/plugins\/seo\/ -->\n<title>Bros\u00fara, befektet\u00e9si t\u00e1j\u00e9koztat\u00f3 tervez\u00e9s - kiadv\u00e1nyszerkeszt\u00e9s, grafikai tervez\u00e9s - 3Mang\u00f3 - Magazin<\/title>\n<meta name=\"robots\" content=\"noindex, nofollow\" \/>\n<meta property=\"og:locale\" content=\"hu_HU\" \/>\n<meta property=\"og:type\" content=\"article\" \/>\n<meta property=\"og:title\" content=\"Bros\u00fara, befektet\u00e9si t\u00e1j\u00e9koztat\u00f3 tervez\u00e9s - kiadv\u00e1nyszerkeszt\u00e9s, grafikai tervez\u00e9s - 3Mang\u00f3 - Magazin\" \/>\n<meta property=\"og:description\" content=\"Lapozzatok bele a magazinba! Ezen a linken pedig olvashattok t\u00f6bbet a munka folyamat\u00e1r\u00f3l, a k\u00ednai k\u00e9p\u00edr\u00e1s t\u00f6rdel\u00e9s\u00e9nek neh\u00e9zs\u00e9geir\u0151l. Ugyanis a c\u00e9ges bros\u00fara kiadv\u00e1nytervez\u00e9s\u00e9t k\u00ednai nyelven \u00e9s elk\u00e9sz\u00edtett\u00fck! [publication_supsystic id=&#8221;432&#8243;] Sz\u00edvesen megtervezz\u00fck a kreat\u00edv magazinodat, katal\u00f3gusodat, bros\u00far\u00e1dat! K\u00e9rj aj\u00e1nlatot.. via\u00a03 Mang\u00f3\" \/>\n<meta property=\"og:url\" content=\"https:\/\/3mango.hu\/blog\/brosura-befektetesi-tajekoztato-tervezes-kiadvanyszerkesztes-grafikai-tervezes\/\" \/>\n<meta property=\"og:site_name\" content=\"3Mang\u00f3 - Magazin\" \/>\n<meta property=\"article:modified_time\" content=\"2022-11-13T12:35:58+00:00\" \/>\n<meta name=\"twitter:card\" content=\"summary_large_image\" \/>\n<meta name=\"twitter:label1\" content=\"Becs\u00fclt olvas\u00e1si id\u0151\" \/>\n\t<meta name=\"twitter:data1\" content=\"1 perc\" \/>\n<script type=\"application\/ld+json\" class=\"yoast-schema-graph\">{\"@context\":\"https:\/\/schema.org\",\"@graph\":[{\"@type\":\"WebPage\",\"@id\":\"https:\/\/3mango.hu\/blog\/brosura-befektetesi-tajekoztato-tervezes-kiadvanyszerkesztes-grafikai-tervezes\/\",\"url\":\"https:\/\/3mango.hu\/blog\/brosura-befektetesi-tajekoztato-tervezes-kiadvanyszerkesztes-grafikai-tervezes\/\",\"name\":\"Bros\u00fara, befektet\u00e9si t\u00e1j\u00e9koztat\u00f3 tervez\u00e9s - kiadv\u00e1nyszerkeszt\u00e9s, grafikai tervez\u00e9s - 3Mang\u00f3 - Magazin\",\"isPartOf\":{\"@id\":\"https:\/\/3mango.hu\/blog\/#website\"},\"datePublished\":\"2017-03-06T21:38:03+00:00\",\"dateModified\":\"2022-11-13T12:35:58+00:00\",\"breadcrumb\":{\"@id\":\"https:\/\/3mango.hu\/blog\/brosura-befektetesi-tajekoztato-tervezes-kiadvanyszerkesztes-grafikai-tervezes\/#breadcrumb\"},\"inLanguage\":\"hu\",\"potentialAction\":[{\"@type\":\"ReadAction\",\"target\":[\"https:\/\/3mango.hu\/blog\/brosura-befektetesi-tajekoztato-tervezes-kiadvanyszerkesztes-grafikai-tervezes\/\"]}]},{\"@type\":\"BreadcrumbList\",\"@id\":\"https:\/\/3mango.hu\/blog\/brosura-befektetesi-tajekoztato-tervezes-kiadvanyszerkesztes-grafikai-tervezes\/#breadcrumb\",\"itemListElement\":[{\"@type\":\"ListItem\",\"position\":1,\"name\":\"Home\",\"item\":\"https:\/\/3mango.hu\/blog\/\"},{\"@type\":\"ListItem\",\"position\":2,\"name\":\"Bros\u00fara, befektet\u00e9si t\u00e1j\u00e9koztat\u00f3 tervez\u00e9s &#8211; kiadv\u00e1nyszerkeszt\u00e9s, grafikai tervez\u00e9s\"}]},{\"@type\":\"WebSite\",\"@id\":\"https:\/\/3mango.hu\/blog\/#website\",\"url\":\"https:\/\/3mango.hu\/blog\/\",\"name\":\"3Mang\u00f3 - Magazin\",\"description\":\"Design, typo, grafikai tervez\u00e9s, kiadv\u00e1nytervez\u00e9s\",\"potentialAction\":[{\"@type\":\"SearchAction\",\"target\":{\"@type\":\"EntryPoint\",\"urlTemplate\":\"https:\/\/3mango.hu\/blog\/?s={search_term_string}\"},\"query-input\":\"required name=search_term_string\"}],\"inLanguage\":\"hu\"}]}<\/script>\n<!-- \/ Yoast SEO plugin. -->","yoast_head_json":{"title":"Bros\u00fara, befektet\u00e9si t\u00e1j\u00e9koztat\u00f3 tervez\u00e9s - kiadv\u00e1nyszerkeszt\u00e9s, grafikai tervez\u00e9s - 3Mang\u00f3 - Magazin","robots":{"index":"noindex","follow":"nofollow"},"og_locale":"hu_HU","og_type":"article","og_title":"Bros\u00fara, befektet\u00e9si t\u00e1j\u00e9koztat\u00f3 tervez\u00e9s - kiadv\u00e1nyszerkeszt\u00e9s, grafikai tervez\u00e9s - 3Mang\u00f3 - Magazin","og_description":"Lapozzatok bele a magazinba! Ezen a linken pedig olvashattok t\u00f6bbet a munka folyamat\u00e1r\u00f3l, a k\u00ednai k\u00e9p\u00edr\u00e1s t\u00f6rdel\u00e9s\u00e9nek neh\u00e9zs\u00e9geir\u0151l. Ugyanis a c\u00e9ges bros\u00fara kiadv\u00e1nytervez\u00e9s\u00e9t k\u00ednai nyelven \u00e9s elk\u00e9sz\u00edtett\u00fck! [publication_supsystic id=&#8221;432&#8243;] Sz\u00edvesen megtervezz\u00fck a kreat\u00edv magazinodat, katal\u00f3gusodat, bros\u00far\u00e1dat! K\u00e9rj aj\u00e1nlatot.. via\u00a03 Mang\u00f3","og_url":"https:\/\/3mango.hu\/blog\/brosura-befektetesi-tajekoztato-tervezes-kiadvanyszerkesztes-grafikai-tervezes\/","og_site_name":"3Mang\u00f3 - Magazin","article_modified_time":"2022-11-13T12:35:58+00:00","twitter_card":"summary_large_image","twitter_misc":{"Becs\u00fclt olvas\u00e1si id\u0151":"1 perc"},"schema":{"@context":"https:\/\/schema.org","@graph":[{"@type":"WebPage","@id":"https:\/\/3mango.hu\/blog\/brosura-befektetesi-tajekoztato-tervezes-kiadvanyszerkesztes-grafikai-tervezes\/","url":"https:\/\/3mango.hu\/blog\/brosura-befektetesi-tajekoztato-tervezes-kiadvanyszerkesztes-grafikai-tervezes\/","name":"Bros\u00fara, befektet\u00e9si t\u00e1j\u00e9koztat\u00f3 tervez\u00e9s - kiadv\u00e1nyszerkeszt\u00e9s, grafikai tervez\u00e9s - 3Mang\u00f3 - Magazin","isPartOf":{"@id":"https:\/\/3mango.hu\/blog\/#website"},"datePublished":"2017-03-06T21:38:03+00:00","dateModified":"2022-11-13T12:35:58+00:00","breadcrumb":{"@id":"https:\/\/3mango.hu\/blog\/brosura-befektetesi-tajekoztato-tervezes-kiadvanyszerkesztes-grafikai-tervezes\/#breadcrumb"},"inLanguage":"hu","potentialAction":[{"@type":"ReadAction","target":["https:\/\/3mango.hu\/blog\/brosura-befektetesi-tajekoztato-tervezes-kiadvanyszerkesztes-grafikai-tervezes\/"]}]},{"@type":"BreadcrumbList","@id":"https:\/\/3mango.hu\/blog\/brosura-befektetesi-tajekoztato-tervezes-kiadvanyszerkesztes-grafikai-tervezes\/#breadcrumb","itemListElement":[{"@type":"ListItem","position":1,"name":"Home","item":"https:\/\/3mango.hu\/blog\/"},{"@type":"ListItem","position":2,"name":"Bros\u00fara, befektet\u00e9si t\u00e1j\u00e9koztat\u00f3 tervez\u00e9s &#8211; kiadv\u00e1nyszerkeszt\u00e9s, grafikai tervez\u00e9s"}]},{"@type":"WebSite","@id":"https:\/\/3mango.hu\/blog\/#website","url":"https:\/\/3mango.hu\/blog\/","name":"3Mang\u00f3 - Magazin","description":"Design, typo, grafikai tervez\u00e9s, kiadv\u00e1nytervez\u00e9s","potentialAction":[{"@type":"SearchAction","target":{"@type":"EntryPoint","urlTemplate":"https:\/\/3mango.hu\/blog\/?s={search_term_string}"},"query-input":"required name=search_term_string"}],"inLanguage":"hu"}]}},"_links":{"self":[{"href":"https:\/\/3mango.hu\/blog\/wp-json\/wp\/v2\/pages\/4380","targetHints":{"allow":["GET"]}}],"collection":[{"href":"https:\/\/3mango.hu\/blog\/wp-json\/wp\/v2\/pages"}],"about":[{"href":"https:\/\/3mango.hu\/blog\/wp-json\/wp\/v2\/types\/page"}],"author":[{"embeddable":true,"href":"https:\/\/3mango.hu\/blog\/wp-json\/wp\/v2\/users\/1"}],"replies":[{"embeddable":true,"href":"https:\/\/3mango.hu\/blog\/wp-json\/wp\/v2\/comments?post=4380"}],"version-history":[{"count":3,"href":"https:\/\/3mango.hu\/blog\/wp-json\/wp\/v2\/pages\/4380\/revisions"}],"predecessor-version":[{"id":5116,"href":"https:\/\/3mango.hu\/blog\/wp-json\/wp\/v2\/pages\/4380\/revisions\/5116"}],"wp:attachment":[{"href":"https:\/\/3mango.hu\/blog\/wp-json\/wp\/v2\/media?parent=4380"}],"curies":[{"name":"wp","href":"https:\/\/api.w.org\/{rel}","templated":true}]}}